{"id":7,"date":"2021-09-16T21:10:29","date_gmt":"2021-09-16T21:10:29","guid":{"rendered":"https:\/\/mineraltrue.com\/?page_id=34"},"modified":"2022-01-14T18:16:58","modified_gmt":"2022-01-14T18:16:58","slug":"o-systemach","status":"publish","type":"page","link":"https:\/\/mineraltrue.com\/pl\/o-systemach\/","title":{"rendered":"O Systemach"},"content":{"rendered":"<p>[et_pb_section fb_built=&#8221;1&#8243; admin_label=&#8221;Header&#8221; _builder_version=&#8221;4.9.10&#8243; _module_preset=&#8221;default&#8221; use_background_color_gradient=&#8221;on&#8221; background_color_gradient_start=&#8221;rgba(12,113,195,0.37)&#8221; background_color_gradient_end=&#8221;rgba(0,0,0,0)&#8221; background_color_gradient_overlays_image=&#8221;on&#8221; background_image=&#8221;https:\/\/mineraltrue.com\/wp-content\/uploads\/2021\/09\/about-1.jpg&#8221; background_position=&#8221;top_center&#8221; custom_padding=&#8221;11vw||0vw||false|false&#8221; locked=&#8221;off&#8221; global_colors_info=&#8221;{}&#8221;][\/et_pb_section][et_pb_section fb_built=&#8221;1&#8243; admin_label=&#8221;About&#8221; _builder_version=&#8221;4.10.8&#8243; _module_preset=&#8221;default&#8221; background_color=&#8221;RGBA(0,0,0,0)&#8221; background_enable_image=&#8221;off&#8221; background_position=&#8221;top_center&#8221; custom_padding=&#8221;100px||55px|||&#8221; locked=&#8221;off&#8221; global_colors_info=&#8221;{}&#8221;][et_pb_row column_structure=&#8221;1_2,1_2&#8243; _builder_version=&#8221;4.9.4&#8243; _module_preset=&#8221;default&#8221; global_colors_info=&#8221;{}&#8221;][et_pb_column type=&#8221;1_2&#8243; _builder_version=&#8221;4.9.4&#8243; _module_preset=&#8221;default&#8221; global_colors_info=&#8221;{}&#8221;][et_pb_text _builder_version=&#8221;4.14.6&#8243; _module_preset=&#8221;c3c1179e-80e4-4396-b700-51b845e1c46f&#8221; header_2_font=&#8221;Tajawal|700|||||||&#8221; header_2_text_color=&#8221;#000000&#8243; header_2_font_size=&#8221;60px&#8221; header_4_text_color=&#8221;#546068&#8243; hover_enabled=&#8221;0&#8243; header_2_font_size_tablet=&#8221;32px&#8221; header_2_font_size_phone=&#8221;20px&#8221; header_2_font_size_last_edited=&#8221;on|phone&#8221; locked=&#8221;off&#8221; global_colors_info=&#8221;{}&#8221; sticky_enabled=&#8221;0&#8243;]<\/p>\n<h2>Mineral True<\/h2>\n<h4>\u00a0Systemy Filtruj\u0105ce oraz Uzdatniania Wody<\/h4>\n<p>[\/et_pb_text][et_pb_text _builder_version=&#8221;4.11.1&#8243; _module_preset=&#8221;2e1ca0a8-a515-4ca3-8814-65eea4b82393&#8243; text_font=&#8221;||||||||&#8221; text_text_color=&#8221;#666666&#8243; text_font_size=&#8221;16px&#8221; text_line_height=&#8221;1.8em&#8221; link_font=&#8221;|700|||||||&#8221; link_text_color=&#8221;#71B100&#8243; text_font_size_tablet=&#8221;15px&#8221; text_font_size_phone=&#8221;14px&#8221; text_font_size_last_edited=&#8221;on|desktop&#8221; locked=&#8221;off&#8221; global_colors_info=&#8221;{}&#8221;]<\/p>\n<p><strong style=\"font-weight: 400;\">Mineral True\u00a0<\/strong>jest producentem produkt\u00f3w najwy\u017cszej jako\u015bci. Nasza firma zlokalizowana jest w Chicago, Illinois. Prowadzimy produkcje oraz dystrybucje na potrzeby klient\u00f3w firmowych i indywidualnych. Oferta naszych produkt\u00f3w i system\u00f3w oczyszczania, filtrowania oraz uzdatniania wody ci\u0105gle si\u0119 powi\u0119ksza. Firma powsta\u0142a w odpowiedzi na rosn\u0105c\u0105 potrzebne oraz coraz ni\u017csz\u0105 jako\u015b\u0107 dost\u0119pnej wody pe\u0142nej w kt\u00f3rej cz\u0119sto mo\u017cna napotka\u0107 na bakterie oraz zanieczyszczenia.\u00a0<\/p>\n<p>&nbsp;<\/p>\n<p>[\/et_pb_text][\/et_pb_column][et_pb_column type=&#8221;1_2&#8243; _builder_version=&#8221;4.9.4&#8243; _module_preset=&#8221;default&#8221; global_colors_info=&#8221;{}&#8221;][et_pb_blurb title=&#8221;Czysta i smaczna woda pitna&#8221; use_icon=&#8221;on&#8221; font_icon=&#8221;&#x4e;||divi||400&#8243; icon_color=&#8221;#28BAED&#8221; icon_placement=&#8221;left&#8221; _builder_version=&#8221;4.13.0&#8243; _module_preset=&#8221;default&#8221; header_font=&#8221;Tajawal|700|||||||&#8221; header_line_height=&#8221;1.5em&#8221; header_font_size_tablet=&#8221;16px&#8221; header_font_size_phone=&#8221;16px&#8221; header_font_size_last_edited=&#8221;on|phone&#8221; global_colors_info=&#8221;{}&#8221;][\/et_pb_blurb][et_pb_blurb title=&#8221;Woda pe\u0142na zdrowych minera\u0142\u00f3w&#8221; use_icon=&#8221;on&#8221; font_icon=&#8221;&#x4e;||divi||400&#8243; icon_color=&#8221;#28BAED&#8221; icon_placement=&#8221;left&#8221; _builder_version=&#8221;4.13.0&#8243; _module_preset=&#8221;default&#8221; header_font=&#8221;Tajawal|700|||||||&#8221; header_line_height=&#8221;1.5em&#8221; global_colors_info=&#8221;{}&#8221;][\/et_pb_blurb][et_pb_blurb title=&#8221;Bezpieczna i mi\u0119kka woda w \u0142azience&#8221; use_icon=&#8221;on&#8221; font_icon=&#8221;&#x4e;||divi||400&#8243; icon_color=&#8221;#28BAED&#8221; icon_placement=&#8221;left&#8221; _builder_version=&#8221;4.13.0&#8243; _module_preset=&#8221;default&#8221; header_font=&#8221;Tajawal|700|||||||&#8221; header_line_height=&#8221;1.5em&#8221; global_colors_info=&#8221;{}&#8221;][\/et_pb_blurb][et_pb_blurb title=&#8221;Do u\u017cytku domowego i biznesowego&#8221; use_icon=&#8221;on&#8221; font_icon=&#8221;&#x4e;||divi||400&#8243; icon_color=&#8221;#28BAED&#8221; icon_placement=&#8221;left&#8221; _builder_version=&#8221;4.13.0&#8243; _module_preset=&#8221;default&#8221; header_font=&#8221;Tajawal|700|||||||&#8221; header_line_height=&#8221;1.5em&#8221; global_colors_info=&#8221;{}&#8221;][\/et_pb_blurb][et_pb_blurb title=&#8221;Profesjonalny serwis i naprawa&#8221; use_icon=&#8221;on&#8221; font_icon=&#8221;&#x4e;||divi||400&#8243; icon_color=&#8221;#28BAED&#8221; icon_placement=&#8221;left&#8221; _builder_version=&#8221;4.13.0&#8243; _module_preset=&#8221;default&#8221; header_font=&#8221;Tajawal|700|||||||&#8221; header_line_height=&#8221;1.5em&#8221; global_colors_info=&#8221;{}&#8221;][\/et_pb_blurb][\/et_pb_column][\/et_pb_row][\/et_pb_section][et_pb_section fb_built=&#8221;1&#8243; _builder_version=&#8221;4.10.8&#8243; _module_preset=&#8221;default&#8221; background_enable_color=&#8221;off&#8221; custom_margin=&#8221;||4px|||&#8221; custom_padding=&#8221;80px||70px|||&#8221; top_divider_style=&#8221;waves&#8221; top_divider_color=&#8221;RGBA(0,0,0,0)&#8221; global_colors_info=&#8221;{}&#8221;][et_pb_row column_structure=&#8221;3_5,2_5&#8243; _builder_version=&#8221;4.10.8&#8243; _module_preset=&#8221;default&#8221; global_colors_info=&#8221;{}&#8221;][et_pb_column type=&#8221;3_5&#8243; _builder_version=&#8221;4.10.8&#8243; _module_preset=&#8221;default&#8221; global_colors_info=&#8221;{}&#8221;][et_pb_image src=&#8221;https:\/\/mineraltrue.com\/wp-content\/uploads\/2021\/09\/restaurants.jpg&#8221; title_text=&#8221;restaurants&#8221; _builder_version=&#8221;4.10.8&#8243; _module_preset=&#8221;default&#8221; custom_padding=&#8221;0px|||||&#8221; global_colors_info=&#8221;{}&#8221;][\/et_pb_image][\/et_pb_column][et_pb_column type=&#8221;2_5&#8243; _builder_version=&#8221;4.10.8&#8243; _module_preset=&#8221;default&#8221; global_colors_info=&#8221;{}&#8221;][et_pb_text _builder_version=&#8221;4.11.1&#8243; _module_preset=&#8221;c3c1179e-80e4-4396-b700-51b845e1c46f&#8221; header_2_font=&#8221;Tajawal|700|||||||&#8221; header_2_text_color=&#8221;#000000&#8243; header_2_font_size=&#8221;39px&#8221; header_4_text_color=&#8221;#546068&#8243; header_2_font_size_tablet=&#8221;32px&#8221; header_2_font_size_phone=&#8221;20px&#8221; header_2_font_size_last_edited=&#8221;on|phone&#8221; locked=&#8221;off&#8221; global_colors_info=&#8221;{}&#8221;]<\/p>\n<h2>Systemy Kuchenne<\/h2>\n<h4>Systemy oczyszczania i filtrowania wody dla domu i biznesu.<\/h4>\n<p>[\/et_pb_text][et_pb_text _builder_version=&#8221;4.11.1&#8243; _module_preset=&#8221;2e1ca0a8-a515-4ca3-8814-65eea4b82393&#8243; text_font=&#8221;||||||||&#8221; text_text_color=&#8221;#666666&#8243; text_font_size=&#8221;16px&#8221; text_line_height=&#8221;1.8em&#8221; link_font=&#8221;|700|||||||&#8221; link_text_color=&#8221;#71B100&#8243; text_font_size_tablet=&#8221;15px&#8221; text_font_size_phone=&#8221;14px&#8221; text_font_size_last_edited=&#8221;on|desktop&#8221; locked=&#8221;off&#8221; global_colors_info=&#8221;{}&#8221;]<\/p>\n<p>Nasze produkty do oczyszczania usun\u0105 wi\u0119kszo\u015b\u0107 zanieczyszcze\u0144 e w postaci rdzy chemikali\u00f3w, metali ci\u0119\u017ckich, pestycyd\u00f3w niemi\u0142ego zapachu i metalicznego posmaku. Wszystkie te czynniki mog\u0105 negatywnie wp\u0142yn\u0105\u0107 na twoje zdrowie, smak i jako\u015b\u0107 przygotowywanych potraw. Dzi\u0119ki dost\u0119powi do i zdrowej wody ka\u017cdego dnia poprawisz jako\u015b\u0107 nie tylko potraw ale r\u00f3wnie\u017c swojego \u017cycia.<\/p>\n<p><span style=\"font-weight: 400;\">Mineral True oferuje r\u00f3wnie\u017c systemy mineralizowania wody w wapno, potas, magnez oraz s\u00f3d. U\u017cywaj\u0105c naszych docenionych wk\u0142ad\u00f3w i filtr\u00f3w nie tylko oczy\u015bcisz wod\u0119 ale dostarczysz sobie wszystkich niezb\u0119dnych sk\u0142adnik\u00f3w mineralnych.<\/span><\/p>\n<p>&nbsp;<\/p>\n<p>[\/et_pb_text][\/et_pb_column][\/et_pb_row][et_pb_row column_structure=&#8221;1_2,1_2&#8243; _builder_version=&#8221;4.10.8&#8243; _module_preset=&#8221;default&#8221; custom_margin=&#8221;63px|auto||auto||&#8221; global_colors_info=&#8221;{}&#8221;][et_pb_column type=&#8221;1_2&#8243; _builder_version=&#8221;4.10.8&#8243; _module_preset=&#8221;default&#8221; global_colors_info=&#8221;{}&#8221;][et_pb_image src=&#8221;https:\/\/mineraltrue.com\/wp-content\/uploads\/2021\/09\/home-water-filter.jpg&#8221; title_text=&#8221;home-water-filter&#8221; _builder_version=&#8221;4.10.8&#8243; _module_preset=&#8221;default&#8221; custom_margin=&#8221;||61px|||&#8221; global_colors_info=&#8221;{}&#8221;][\/et_pb_image][et_pb_text _builder_version=&#8221;4.11.1&#8243; _module_preset=&#8221;c3c1179e-80e4-4396-b700-51b845e1c46f&#8221; header_2_font=&#8221;Tajawal|700|||||||&#8221; header_2_text_color=&#8221;#000000&#8243; header_2_font_size=&#8221;39px&#8221; header_4_text_color=&#8221;#546068&#8243; header_2_font_size_tablet=&#8221;32px&#8221; header_2_font_size_phone=&#8221;20px&#8221; header_2_font_size_last_edited=&#8221;on|phone&#8221; locked=&#8221;off&#8221; global_colors_info=&#8221;{}&#8221;]<\/p>\n<h2>Dla Domu i Firmy<\/h2>\n<h4>Systemy Oczyszczania Wody<\/h4>\n<p>[\/et_pb_text][et_pb_text _builder_version=&#8221;4.11.1&#8243; _module_preset=&#8221;2e1ca0a8-a515-4ca3-8814-65eea4b82393&#8243; text_font=&#8221;||||||||&#8221; text_text_color=&#8221;#666666&#8243; text_font_size=&#8221;16px&#8221; text_line_height=&#8221;1.8em&#8221; link_font=&#8221;|700|||||||&#8221; link_text_color=&#8221;#71B100&#8243; text_font_size_tablet=&#8221;15px&#8221; text_font_size_phone=&#8221;14px&#8221; text_font_size_last_edited=&#8221;on|desktop&#8221; locked=&#8221;off&#8221; global_colors_info=&#8221;{}&#8221;]<\/p>\n<p><span style=\"font-weight: 400;\">Je\u015bli chcia\u0142 by\u015b aby tw\u00f3j dom lub biuro by\u0142o jak najzdrowszym \u015brodowiskiem to nasza technologiczna przewaga w produkcji i dystrybucji filtr\u00f3w do oczyszczania wody jak najbardziej pozwoli ci osi\u0105gn\u0105\u0107 ten efekt. Wystarczy zainstalowa\u0107 jeden z naszych filtr\u00f3w by poczu\u0107 natychmiastow\u0105 r\u00f3\u017cnice. Niesie to za soba bardzo pozytywne skutki w postaci czystej wody i zdrowej satysfakcji p\u0142yn\u0105cej z ka\u017cdej wypitej szklanki. Mo\u017cesz nie tylko pi\u0107 wod\u0119 z naszych system\u00f3w, ale u\u017cywa\u0107 jej do mycia oraz przygotowywania posi\u0142k\u00f3w bez obawy o problemy gastralne lub uczulenia.\u00a0<\/span><\/p>\n<p><span style=\"font-weight: 400;\">Mineral True posiada w swojej ofercie mineralizatory kt\u00f3re w naturalny spos\u00f3b nasyca wod\u0119 o niezb\u0119dne dla prawid\u0142owego funkcjonowania organizmu minera\u0142y takie jak Potas, Magnez czy S\u00f3d. U\u017cywaj\u0105c naszych sprawdzonych system\u00f3w w twoim domu nigdy wi\u0119cej nie zagoszcz\u0105 plastikowe butelki.<\/span><\/p>\n<p>&nbsp;<\/p>\n<p>[\/et_pb_text][\/et_pb_column][et_pb_column type=&#8221;1_2&#8243; _builder_version=&#8221;4.10.8&#8243; _module_preset=&#8221;default&#8221; global_colors_info=&#8221;{}&#8221;][et_pb_image src=&#8221;https:\/\/mineraltrue.com\/wp-content\/uploads\/2021\/09\/shower.jpg&#8221; title_text=&#8221;shower&#8221; _builder_version=&#8221;4.10.8&#8243; _module_preset=&#8221;default&#8221; custom_margin=&#8221;||60px|||&#8221; global_colors_info=&#8221;{}&#8221;][\/et_pb_image][et_pb_text _builder_version=&#8221;4.11.1&#8243; _module_preset=&#8221;c3c1179e-80e4-4396-b700-51b845e1c46f&#8221; header_2_font=&#8221;Tajawal|700|||||||&#8221; header_2_text_color=&#8221;#000000&#8243; header_2_font_size=&#8221;39px&#8221; header_4_text_color=&#8221;#546068&#8243; header_2_font_size_tablet=&#8221;32px&#8221; header_2_font_size_phone=&#8221;20px&#8221; header_2_font_size_last_edited=&#8221;on|phone&#8221; locked=&#8221;off&#8221; global_colors_info=&#8221;{}&#8221;]<\/p>\n<h2>Do \u0141azienki<\/h2>\n<h4>Filtry Prysznicowe<\/h4>\n<p>[\/et_pb_text][et_pb_text _builder_version=&#8221;4.11.1&#8243; _module_preset=&#8221;2e1ca0a8-a515-4ca3-8814-65eea4b82393&#8243; text_font=&#8221;||||||||&#8221; text_text_color=&#8221;#666666&#8243; text_font_size=&#8221;16px&#8221; text_line_height=&#8221;1.8em&#8221; link_font=&#8221;|700|||||||&#8221; link_text_color=&#8221;#71B100&#8243; text_font_size_tablet=&#8221;15px&#8221; text_font_size_phone=&#8221;14px&#8221; text_font_size_last_edited=&#8221;on|desktop&#8221; locked=&#8221;off&#8221; global_colors_info=&#8221;{}&#8221;]<\/p>\n<p><span style=\"font-weight: 400;\">Czy wiedzia\u0142e\u015b o tym \u017ce \u015brodki chemiczne kt\u00f3re mo\u017cna znale\u017a\u0107 w wodzie z kranu mog\u0105 by\u0107 przyczyn\u0105 problem\u00f3w ze sk\u00f3r\u0105? <br \/><\/span><\/p>\n<p><span style=\"font-weight: 400;\">Niezale\u017cnie od tego czy masz such\u0105 czy przet\u0142uszczaj\u0105c\u0105 si\u0119 sk\u00f3r\u0119, mo\u017cesz cierpie\u0107 na wysypki lub sw\u0119dzenia po umyciu si\u0119 w wodzie o niew\u0142a\u015bciwym Ph. Jej sk\u0142ad chemiczny r\u00f3wnie\u017c mo\u017ce by\u0107 niekorzystny dla naszego organizmu.<\/span><\/p>\n<p><span style=\"font-weight: 400;\"> Dostarczamy naszym klientom filtry montowane przy g\u0142owicach prysznicowych kt\u00f3re minimalizuj\u0105 zanieczyszczenia i wyr\u00f3wnuj\u0105 Ph w wodzie kt\u00f3r\u0105 si\u0119 myjesz. Po zainstalowaniu naszego systemu twoja sk\u00f3ra i w\u0142osy b\u0119d\u0105 w du\u017co lepszej kondycji, odzyskaj\u0105 swoje pi\u0119kno dzi\u0119ki tej ma\u0142ej zmianie.<br \/><\/span><\/p>\n<p>[\/et_pb_text][\/et_pb_column][\/et_pb_row][\/et_pb_section][et_pb_section fb_built=&#8221;1&#8243; admin_label=&#8221;Title&#8221; _builder_version=&#8221;4.10.8&#8243; _module_preset=&#8221;default&#8221; background_color=&#8221;RGBA(0,0,0,0)&#8221; use_background_color_gradient=&#8221;on&#8221; background_color_gradient_start=&#8221;rgba(12,113,195,0.7)&#8221; background_color_gradient_end=&#8221;rgba(12,113,195,0.7)&#8221; background_color_gradient_overlays_image=&#8221;on&#8221; background_image=&#8221;https:\/\/mineraltrue.com\/wp-content\/uploads\/2021\/09\/3147.jpg&#8221; custom_padding=&#8221;150px||150px||false|false&#8221; top_divider_style=&#8221;wave&#8221; top_divider_color=&#8221;#FFFFFF&#8221; top_divider_repeat=&#8221;2x&#8221; bottom_divider_style=&#8221;waves&#8221; bottom_divider_color=&#8221;#FFFFFF&#8221; bottom_divider_height=&#8221;87px&#8221; bottom_divider_repeat=&#8221;1x&#8221; background_last_edited=&#8221;on|phone&#8221; background_color_gradient_start_position_tablet=&#8221;20%&#8221; background_color_gradient_start_position_phone=&#8221;33%&#8221; background_color_gradient_end_position_tablet=&#8221;20%&#8221; background_color_gradient_end_position_phone=&#8221;33%&#8221; locked=&#8221;off&#8221; global_colors_info=&#8221;{}&#8221;][et_pb_row column_structure=&#8221;3_5,2_5&#8243; _builder_version=&#8221;4.9.4&#8243; _module_preset=&#8221;default&#8221; global_colors_info=&#8221;{}&#8221;][et_pb_column type=&#8221;3_5&#8243; _builder_version=&#8221;4.9.4&#8243; _module_preset=&#8221;default&#8221; global_colors_info=&#8221;{}&#8221;][et_pb_text _builder_version=&#8221;4.10.8&#8243; _module_preset=&#8221;c3c1179e-80e4-4396-b700-51b845e1c46f&#8221; header_2_font=&#8221;Tajawal|700|||||||&#8221; header_2_text_color=&#8221;#FFFFFF&#8221; header_2_font_size=&#8221;60px&#8221; custom_margin=&#8221;||0px||false|false&#8221; header_2_font_size_tablet=&#8221;32px&#8221; header_2_font_size_phone=&#8221;20px&#8221; header_2_font_size_last_edited=&#8221;on|phone&#8221; locked=&#8221;off&#8221; global_colors_info=&#8221;{}&#8221;]<\/p>\n<h2>Dla Czego My?<\/h2>\n<p>[\/et_pb_text][et_pb_text _builder_version=&#8221;4.10.8&#8243; _module_preset=&#8221;328ee7ad-ed91-4601-a1e5-70b2dcbbb6a8&#8243; text_font=&#8221;||||||||&#8221; text_text_color=&#8221;rgba(255,255,255,0.7)&#8221; text_font_size=&#8221;21px&#8221; text_line_height=&#8221;1.8em&#8221; max_width=&#8221;800px&#8221; text_font_size_tablet=&#8221;15px&#8221; text_font_size_phone=&#8221;14px&#8221; text_font_size_last_edited=&#8221;off|desktop&#8221; locked=&#8221;off&#8221; global_colors_info=&#8221;{}&#8221; text_letter_spacing__hover_enabled=&#8221;on|desktop&#8221;]<\/p>\n<p>Jeste\u015bmy ci\u0105gle w drodze do naszych klient\u00f3w, co tydzie\u0144 instalujemy i serwisujemy dziesi\u0105tki system\u00f3w do oczyszczania wody, nie tylko naszej firmy. Dzi\u0119ki otwarciu si\u0119 na innych producent\u00f3w zyskujemy cenne do\u015bwiadczenie i wiedz\u0119 pozwalaj\u0105ca nam udoskonala\u0107 w\u0142asne produkty. Na czym zyskujesz Ty! Otrzymasz najlepszy serwis oraz czyst\u0105 wod\u0119 pitn\u0105 w domu lub biurze, a niezale\u017cnie od tego jaki system wybierzesz mo\u017cesz liczy\u0107 na nasz\u0105 pomoc.<\/p>\n<p>&nbsp;<\/p>\n<p>[\/et_pb_text][\/et_pb_column][et_pb_column type=&#8221;2_5&#8243; _builder_version=&#8221;4.9.4&#8243; _module_preset=&#8221;default&#8221; global_colors_info=&#8221;{}&#8221;][et_pb_image src=&#8221;https:\/\/mineraltrue.com\/wp-content\/uploads\/2021\/09\/filters-1.jpg&#8221; title_text=&#8221;landscape-maintenance-39&#8243; _builder_version=&#8221;4.10.8&#8243; _module_preset=&#8221;default&#8221; positioning=&#8221;absolute&#8221; position_origin_a_tablet=&#8221;&#8221; position_origin_a_phone=&#8221;&#8221; position_origin_a_last_edited=&#8221;on|tablet&#8221; position_origin_f_tablet=&#8221;&#8221; position_origin_f_phone=&#8221;&#8221; position_origin_f_last_edited=&#8221;on|tablet&#8221; position_origin_r_tablet=&#8221;&#8221; position_origin_r_phone=&#8221;&#8221; position_origin_r_last_edited=&#8221;on|tablet&#8221; width=&#8221;100%&#8221; positioning_tablet=&#8221;none&#8221; positioning_phone=&#8221;&#8221; positioning_last_edited=&#8221;on|tablet&#8221; locked=&#8221;off&#8221; global_colors_info=&#8221;{}&#8221; positioning__hover_enabled=&#8221;off|desktop&#8221; position_origin_a__hover_enabled=&#8221;off|desktop&#8221; position_origin_f__hover_enabled=&#8221;off|desktop&#8221; position_origin_r__hover_enabled=&#8221;off|desktop&#8221;][\/et_pb_image][\/et_pb_column][\/et_pb_row][\/et_pb_section][et_pb_section fb_built=&#8221;1&#8243; admin_label=&#8221;Testimonials&#8221; _builder_version=&#8221;4.10.8&#8243; _module_preset=&#8221;default&#8221; background_color=&#8221;RGBA(0,0,0,0)&#8221; custom_padding=&#8221;||2px|||&#8221; locked=&#8221;off&#8221; global_colors_info=&#8221;{}&#8221;][et_pb_row column_structure=&#8221;3_5,2_5&#8243; _builder_version=&#8221;4.9.4&#8243; _module_preset=&#8221;default&#8221; width=&#8221;100%&#8221; custom_margin=&#8221;|auto|72px|auto||&#8221; custom_padding=&#8221;0px||||false|false&#8221; locked=&#8221;off&#8221; global_colors_info=&#8221;{}&#8221;][et_pb_column type=&#8221;3_5&#8243; _builder_version=&#8221;4.9.4&#8243; _module_preset=&#8221;default&#8221; global_colors_info=&#8221;{}&#8221;][et_pb_image src=&#8221;https:\/\/mineraltrue.com\/wp-content\/uploads\/2021\/09\/landscape-maintenance-09.png&#8221; title_text=&#8221;landscape-maintenance-09&#8243; align=&#8221;center&#8221; _builder_version=&#8221;4.9.4&#8243; _module_preset=&#8221;default&#8221; locked=&#8221;off&#8221; global_colors_info=&#8221;{}&#8221;][\/et_pb_image][et_pb_slider arrows_custom_color=&#8221;#244435&#8243; dot_nav_custom_color=&#8221;#244435&#8243; _builder_version=&#8221;4.11.1&#8243; _module_preset=&#8221;default&#8221; header_font=&#8221;Tajawal|700|||||||&#8221; header_text_color=&#8221;#244435&#8243; header_font_size=&#8221;18px&#8221; header_line_height=&#8221;1.8em&#8221; body_font=&#8221;Tajawal|700||on|||||&#8221; body_text_color=&#8221;#666666&#8243; body_font_size=&#8221;12px&#8221; body_letter_spacing=&#8221;3px&#8221; body_line_height=&#8221;1.5em&#8221; background_color=&#8221;RGBA(0,0,0,0)&#8221; custom_padding=&#8221;0px||60px||false|false&#8221; header_font_size_tablet=&#8221;16px&#8221; header_font_size_phone=&#8221;14px&#8221; header_font_size_last_edited=&#8221;on|desktop&#8221; custom_css_slide_title=&#8221;margin-bottom: 30px;&#8221; text_shadow_style=&#8221;preset3&#8243; text_shadow_color=&#8221;RGBA(0,0,0,0)&#8221; global_colors_info=&#8221;{%22gcid-87ce0c3f-2a7b-40dd-8a42-4148be75d651%22:%91%93}&#8221;][et_pb_slide heading=&#8221;\u201cNie ma nic gorszego ni\u017c ci\u0105g\u0142e d\u017awiganie wody po schodach, kupi\u0142am filtry z Costco i nie mia\u0142am poj\u0119cia co mam z tym zrobi\u0107 jednak z pomoc\u0105 przysz\u0142a firma Mineral Ture, Panowie zajeli si\u0119 wszystkim od wywiercenia dziury w blacie po za\u0142o\u017cenie ca\u0142ego systemu\u201d&#8221; _builder_version=&#8221;4.9.4&#8243; _module_preset=&#8221;default&#8221; global_colors_info=&#8221;{}&#8221; sticky_transition=&#8221;on&#8221;]<\/p>\n<p>Justyna ToporczykThorton<\/p>\n<p>[\/et_pb_slide][et_pb_slide heading=&#8221;\u201cMoja c\u00f3rka ma bardzo wra\u017cliw\u0105 sk\u00f3r\u0119 i potrzebowa\u0142em prostego rozwi\u0105zania by zmi\u0119kczy\u0107 wod\u0119 w \u0142azience. By\u0142em sceptyczny ale po za\u0142o\u017ceniu filtra poczu\u0142em r\u00f3\u017cnice na swoim ciele\u201d&#8221; _builder_version=&#8221;4.9.4&#8243; _module_preset=&#8221;default&#8221; global_colors_info=&#8221;{}&#8221; sticky_transition=&#8221;on&#8221;]<\/p>\n<p>Tomek K.<\/p>\n<p>[\/et_pb_slide][\/et_pb_slider][\/et_pb_column][et_pb_column type=&#8221;2_5&#8243; _builder_version=&#8221;4.9.4&#8243; _module_preset=&#8221;default&#8221; global_colors_info=&#8221;{}&#8221;][\/et_pb_column][\/et_pb_row][\/et_pb_section][et_pb_section fb_built=&#8221;1&#8243; custom_padding_last_edited=&#8221;on|phone&#8221; admin_label=&#8221;Gallery&#8221; _builder_version=&#8221;4.10.8&#8243; _module_preset=&#8221;default&#8221; background_color=&#8221;RGBA(0,0,0,0)&#8221; custom_padding=&#8221;100px||160px|||&#8221; custom_padding_tablet=&#8221;40px||||false|false&#8221; custom_padding_phone=&#8221;&#8221; locked=&#8221;off&#8221; global_colors_info=&#8221;{}&#8221;][et_pb_row _builder_version=&#8221;4.9.4&#8243; _module_preset=&#8221;default&#8221; custom_padding=&#8221;||0px||false|false&#8221; global_colors_info=&#8221;{}&#8221;][et_pb_column type=&#8221;4_4&#8243; _builder_version=&#8221;4.9.4&#8243; _module_preset=&#8221;default&#8221; global_colors_info=&#8221;{}&#8221;][et_pb_text _builder_version=&#8221;4.10.8&#8243; _module_preset=&#8221;c3c1179e-80e4-4396-b700-51b845e1c46f&#8221; header_2_font=&#8221;Tajawal|700|||||||&#8221; header_2_text_color=&#8221;#000000&#8243; header_2_font_size=&#8221;60px&#8221; header_2_font_size_tablet=&#8221;32px&#8221; header_2_font_size_phone=&#8221;20px&#8221; header_2_font_size_last_edited=&#8221;on|phone&#8221; locked=&#8221;off&#8221; global_colors_info=&#8221;{}&#8221;]<\/p>\n<h2 style=\"text-align: center;\">Zainstalowane Systemy<\/h2>\n<p>[\/et_pb_text][\/et_pb_column][\/et_pb_row][et_pb_row column_structure=&#8221;1_3,1_3,1_3&#8243; use_custom_gutter=&#8221;on&#8221; gutter_width=&#8221;2&#8243; make_equal=&#8221;on&#8221; _builder_version=&#8221;4.9.4&#8243; _module_preset=&#8221;default&#8221; global_colors_info=&#8221;{}&#8221;][et_pb_column type=&#8221;1_3&#8243; _builder_version=&#8221;4.9.4&#8243; _module_preset=&#8221;default&#8221; global_colors_info=&#8221;{}&#8221;][et_pb_image src=&#8221;https:\/\/mineraltrue.com\/pl\/wp-content\/uploads\/2021\/10\/social4.jpg&#8221; title_text=&#8221;social4&#8243; _builder_version=&#8221;4.11.1&#8243; _module_preset=&#8221;default&#8221; global_colors_info=&#8221;{}&#8221;][\/et_pb_image][\/et_pb_column][et_pb_column type=&#8221;1_3&#8243; _builder_version=&#8221;4.9.4&#8243; _module_preset=&#8221;default&#8221; global_colors_info=&#8221;{}&#8221;][et_pb_image src=&#8221;https:\/\/mineraltrue.com\/pl\/wp-content\/uploads\/2021\/10\/social3.jpg&#8221; title_text=&#8221;social3&#8243; _builder_version=&#8221;4.11.1&#8243; _module_preset=&#8221;default&#8221; global_colors_info=&#8221;{}&#8221;][\/et_pb_image][\/et_pb_column][et_pb_column type=&#8221;1_3&#8243; _builder_version=&#8221;4.9.4&#8243; _module_preset=&#8221;default&#8221; global_colors_info=&#8221;{}&#8221;][et_pb_image src=&#8221;https:\/\/mineraltrue.com\/pl\/wp-content\/uploads\/2021\/10\/2.jpg&#8221; title_text=&#8221;2&#8243; _builder_version=&#8221;4.11.1&#8243; _module_preset=&#8221;default&#8221; global_colors_info=&#8221;{}&#8221;][\/et_pb_image][\/et_pb_column][\/et_pb_row][\/et_pb_section]<\/p>\n","protected":false},"excerpt":{"rendered":"<p>Mineral True \u00a0Systemy Filtruj\u0105ce oraz Uzdatniania WodyMineral True\u00a0jest producentem produkt\u00f3w najwy\u017cszej jako\u015bci. Nasza firma zlokalizowana jest w Chicago, Illinois. Prowadzimy produkcje oraz dystrybucje na potrzeby klient\u00f3w firmowych i indywidualnych. Oferta naszych produkt\u00f3w i system\u00f3w oczyszczania, filtrowania oraz uzdatniania wody ci\u0105gle si\u0119 powi\u0119ksza. Firma powsta\u0142a w odpowiedzi na rosn\u0105c\u0105 potrzebne oraz coraz ni\u017csz\u0105 jako\u015b\u0107 dost\u0119pnej wody [&hellip;]<\/p>\n","protected":false},"author":2,"featured_media":0,"parent":0,"menu_order":0,"comment_status":"closed","ping_status":"closed","template":"","meta":{"_et_pb_use_builder":"on","_et_pb_old_content":"","_et_gb_content_width":""},"_links":{"self":[{"href":"https:\/\/mineraltrue.com\/pl\/wp-json\/wp\/v2\/pages\/7"}],"collection":[{"href":"https:\/\/mineraltrue.com\/pl\/wp-json\/wp\/v2\/pages"}],"about":[{"href":"https:\/\/mineraltrue.com\/pl\/wp-json\/wp\/v2\/types\/page"}],"author":[{"embeddable":true,"href":"https:\/\/mineraltrue.com\/pl\/wp-json\/wp\/v2\/users\/2"}],"replies":[{"embeddable":true,"href":"https:\/\/mineraltrue.com\/pl\/wp-json\/wp\/v2\/comments?post=7"}],"version-history":[{"count":9,"href":"https:\/\/mineraltrue.com\/pl\/wp-json\/wp\/v2\/pages\/7\/revisions"}],"predecessor-version":[{"id":1072,"href":"https:\/\/mineraltrue.com\/pl\/wp-json\/wp\/v2\/pages\/7\/revisions\/1072"}],"wp:attachment":[{"href":"https:\/\/mineraltrue.com\/pl\/wp-json\/wp\/v2\/media?parent=7"}],"curies":[{"name":"wp","href":"https:\/\/api.w.org\/{rel}","templated":true}]}}